


{"id":227,"date":"2015-04-30T13:44:04","date_gmt":"2015-04-30T11:44:04","guid":{"rendered":"https:\/\/www.atuttaranda.it\/viaggi\/?page_id=227"},"modified":"2020-09-17T11:38:55","modified_gmt":"2020-09-17T09:38:55","slug":"privacy-policy","status":"publish","type":"page","link":"https:\/\/www.atuttaranda.it\/viaggi\/privacy-policy\/","title":{"rendered":"Privacy Policy"},"content":{"rendered":"<section class=\"l-section wpb_row height_small\"><div class=\"l-section-h i-cf\"><div class=\"g-cols vc_row via_flex valign_top type_default stacking_default\"><div class=\"vc_col-sm-12 wpb_column vc_column_container\"><div class=\"vc_column-inner\"><div class=\"wpb_wrapper\"><div class=\"wpb_text_column\"><div class=\"wpb_wrapper\"><h2 style=\"text-align: center;\">Privacy policy e informativa ai sensi dell&#8217;art. 13 del Regolamento UE 2016\/679<\/h2>\n<h3>Natura del conferimento dei dati<\/h3>\n<p>I dati personali richiesti sono raccolti da Inedita Snc e trattati su supporti informatici, al fine di soddisfare l\u2019espletamento dei servizi richiesti.<\/p>\n<p>Il conferimento dei dati ha natura obbligatoria in quanto necessario per l\u2019espletamento dei suddetti servizi.<\/p>\n<h2><\/h2>\n<h3>Titolare del trattamento<\/h3>\n<p>Inedita Snc, con sede in Viale Ortigara 47\/C, 47921 &#8211; Rimini (RN) \u00e8 il titolare del trattamento ai sensi e per gli effetti del Reg. UE 2016\/679.<\/p>\n<p>&nbsp;<\/p>\n<h3>Finalit\u00e0 del trattamento e tempi di conservazione<\/h3>\n<p>I dati conferiti verranno trattenuti dal Titolare, salvaguardandone la riservatezza anche applicando misure di sicurezza idonee, per le seguenti finalit\u00e0 e relativi tempi di conservazione, in conformit\u00e0 al Regolamento UE 2016\/679 (GDPR):<\/p>\n<p>&nbsp;<\/p>\n<table style=\"height: 371px;\" width=\"1200\">\n<tbody>\n<tr>\n<td width=\"229\">\n<h4>Finalit\u00e0 del trattamento<\/h4>\n<\/td>\n<td width=\"257\">\n<h4>Periodo di conservazione<\/h4>\n<\/td>\n<\/tr>\n<tr>\n<td width=\"229\">utilizzare i dati che sono stati rilasciati dall\u2019interessato nel contesto di servizi erogati dal sito come l\u2019invio di una dedica relativa ad un viaggio di nozze e l\u2019invio di informazioni commerciali e newsletter.<\/td>\n<td width=\"257\">fino a richiesta di cancellazione da parte dell\u2019utente<\/td>\n<\/tr>\n<tr>\n<td width=\"229\">installare sul dispositivo dell\u2019utente cookie tecnici e analytics<\/td>\n<td width=\"257\">fino a cancellazione da parte dell\u2019utente<\/td>\n<\/tr>\n<tr>\n<td width=\"229\">rendere disponibili i dati a soggetti terzi per fini strumentali a quanto strettamente necessario a dare esecuzione ai servizi richiesti dall\u2019interessato o per dare esecuzione a norme di legge<\/td>\n<td width=\"257\">fino a richiesta di cancellazione da parte dell\u2019utente o per i periodi individuati dalle norme di legge<\/td>\n<\/tr>\n<tr>\n<td width=\"229\">dare esecuzione alle richieste di esercizio dei diritti dell\u2019interessato<\/td>\n<td width=\"257\">fino a richiesta di cancellazione da parte dell\u2019utente<\/td>\n<\/tr>\n<\/tbody>\n<\/table>\n<p>&nbsp;<\/p>\n<p>I tempi di conservazione dei dati personali sono documentati nei nostri registri delle attivit\u00e0 di trattamento.<\/p>\n<p>I moduli da compilare sul presente sito prevedono dati che sono strettamente necessari per aderire a quanto d\u2019interesse, e la cui mancata indicazione non consente di dar corso alla richiesta, ma anche dati di conferimento facoltativo. I dati obbligatori sono, generalmente, contrassegnati con asterisco.<\/p>\n<p>Tutti i trattamenti effettuati nell&#8217;ambito di questo sito saranno realizzati con strumenti elettronici o telematici, con logiche correlate alle finalit\u00e0 per le quali i dati sono stati raccolti e nel rispetto delle vigenti norme di sicurezza, per le finalit\u00e0 specificate.<\/p>\n<p>&nbsp;<\/p>\n<h3>Interessi legittimi del titolare del trattamento<\/h3>\n<p>Inedita Snc previo consenso dell\u2019utente \/ del cliente, tratter\u00e0 i dati per contatti di carattere informativo, promozionale e pubblicitario, per offerte di prodotti e servizi, per azioni di marketing, per azioni promozionali in linea con gli interessi e le preferenze manifestate e le abitudini di acquisto, per azioni di vendita a distanza, per sondaggi di opinione e ricerche di mercato, per comunicazioni commerciali interattive. Categorie particolari di dati personali (ex artt. 9 e 10 del Regolamento UE 2016\/679) rilasciati, direttamente o indirettamente, non saranno utilizzati al fine di profilare l\u2019utente\/l\u2019interessato.<\/p>\n<p>&nbsp;<\/p>\n<h3>Destinatari dei dati<\/h3>\n<p>Per fini connessi all\u2019erogazione del servizio a cui l\u2019interessato ha aderito, i dati saranno messi a disposizione di soggetti terzi, che agiranno quali responsabili del trattamento, e che erogano servizi strumentali a soddisfare la richiesta dell\u2019utente (ad esempio, societ\u00e0 che consegnano i prodotti ordinati, gestori delle transazioni e emittenti delle carte di credito, istituti bancari, gestore della piattaforma e-commerce) o ai quali la comunicazione dei dati \u00e8 necessaria per ottemperare a norme di legge o regolamenti o normativa comunitaria. Potranno essere messi a disposizione anche di forze dell\u2019ordine (es.: prevenzione e repressione di reati, anche di natura informatica), magistratura, autorit\u00e0 e enti pubblici competenti per singola materia per loro attivit\u00e0 istituzionali oppure in caso di far valere o difendere propri diritti in sede giudiziaria. L\u2019elenco nominativo di detti soggetti terzi pu\u00f2 essere richiesto direttamente a Inedita Snc nei modi specificati all\u2019interno della presente privacy policy.<\/p>\n<p>Il trattamento dei dati conferiti nella piattaforma e-commerce sar\u00e0 effettuato, per le finalit\u00e0 sopra esposte, da Aruba Spa, Loc. Palazzetto, 4, Bibbiena (AR), 52011, P.I. 01573850516 appositamente nominata Responsabile del Trattamento in quanto gestore dei servizi web, su server di sua propriet\u00e0 ubicati nel territorio comunitario.<\/p>\n<p>I dati personali saranno resi disponibili a persone espressamente autorizzate da Inedita Snc (ed all\u2019uopo nominate incaricate del trattamento) che svolgono attivit\u00e0 di trattamento indispensabili per il perseguimento delle finalit\u00e0 sopra indicate; le categorie dei soggetti incaricati sono di volta in volta precisate nell\u2019informativa. In linea generale, si tratta delle persone preposte all\u2019erogazione dei servizi specifici, all\u2019amministrazione, alla gestione dei servizi informativi, ai rapporti con clienti effettivi e potenziali, al marketing e vendite.<\/p>\n<p>&nbsp;<\/p>\n<h3>Diritti dell\u2019interessato<\/h3>\n<p>Sono garantiti i seguenti diritti dell\u2019interessato:<\/p>\n<ul>\n<li>Diritto di accesso ai dati (Art. 15 Reg. UE 2016\/679)<\/li>\n<li>Diritto di rettifica (Art. 16 Reg. UE 2016\/679)<\/li>\n<li>Diritto alla cancellazione (Art. 17 Reg. UE 2016\/679)<\/li>\n<li>Diritto di limitazione (Art. 18 Reg. UE 2016\/679)<\/li>\n<li>Diritto alla portabilit\u00e0 dei dati (Art. 20 Reg. UE 2016\/679)<\/li>\n<li>Diritto di opposizione (Art. 21 Reg. UE 2016\/679)<\/li>\n<\/ul>\n<p>L\u2019interessato, qualora l\u2019acquisizione dei dati da parte del titolare sia avvenuta a seguito di rilascio del consenso, ha il diritto di revocare il consenso in qualsiasi momento.<\/p>\n<p>L\u2019interessato inoltre, qualora ritenga violato uno o pi\u00f9 dei propri diritti, pu\u00f2 proporre reclamo all\u2019Autorit\u00e0 Garante per la Privacy secondo le modalit\u00e0 indicate al seguente link: http:\/\/www.garanteprivacy.it\/web\/guest\/home\/docweb\/-\/docweb-display\/docweb\/4535524<\/p>\n<p>Si precisa inoltre che non sono utilizzati da Inedita Snc processi decisionali automatizzati.<\/p>\n<p>Tutti i diritti di cui sopra possono essere esercitati, in qualsiasi momento e senza alcun onere, scrivendo all\u2019indirizzo <strong>info@atuttaranda.it<\/strong> o inviando richiesta in forma scritta a <strong>Inedita Snc, Viale Ortigara 47\/C &#8211; 47921 Rimini (RN)<\/strong><\/p>\n<p>&nbsp;<\/p>\n<h3>Sicurezza dei dati personali<\/h3>\n<p>Gli standard di sicurezza utilizzati da Inedita Snc per rendere le informazioni personali riservate e confidenziali, inclusi &#8220;firewall&#8221; e la trasmissione di dati attraverso SSL (Secure Socket Layer), sono i pi\u00f9 elevati allo stato della tecnica. Inoltre, sono utilizzate tecniche specifiche per proteggere questi dati da accessi non autorizzati da parte di terzi. Sono, in ogni caso, garantite elevati standard per le misure di sicurezza .<\/p>\n<p>In ogni caso Inedita Snc adotta idonee e preventive misure di sicurezza atte a salvaguardare la riservatezza, l&#8217;integrit\u00e0, la completezza, la disponibilit\u00e0 dei dati personali. Cos\u00ec come stabilito dai disposti normativi che disciplinano la sicurezza dei dati personali, sono messi a punto accorgimenti tecnici, logistici e organizzativi che hanno per obiettivo la prevenzione di danni, perdite anche accidentali, alterazioni, utilizzo improprio e non autorizzato dei dati. Analoghe misure preventive di sicurezza sono adottate dai soggetti terzi (responsabili del trattamento) cui sono affidate operazioni di trattamento dei dati per nostro conto e nei confronti dei quali Inedita Snc ha dettato regole comportamentali e istruzioni di procedure di sicurezza cui attenersi, vigilando sulla corretta attuazione delle stesse da parte dei responsabili.<\/p>\n<p>Inedita Snc non si ritiene responsabile circa le informazioni non veritiere inviate direttamente dall&#8217;utente (esempio: correttezza dell&#8217;indirizzo e-mail o recapito postale o altri dati anagrafici), cos\u00ec come delle informazioni che lo riguardano e che sono state fornite da un soggetto terzo, anche fraudolentemente.<\/p>\n<p>&nbsp;<\/p>\n<h3>Dati di navigazione<\/h3>\n<p>I sistemi informatici e le procedure software preposte al funzionamento di questo sito acquisiscono, nel corso del loro normale esercizio, alcuni dati personali la cui trasmissione \u00e8 implicita nell\u2019uso dei protocolli di comunicazione di Internet. Si tratta di informazioni che non sono raccolte per essere associate a utenti identificati, ma che per loro stessa natura potrebbero, attraverso elaborazioni e associazioni con dati detenuti da terzi, permettere di identificare gli utenti medesimi. In questa categoria di dati rientrano gli indirizzi IP o i nomi a dominio dei computer utilizzati dagli utenti che si connettono al sito, gli indirizzi in notazione URI (Uniform Resource Identifier) delle risorse richieste, l\u2019orario della richiesta, il metodo utilizzato nel sottoporre la richiesta al server, la dimensione del file ottenuto in risposta, il codice numerico indicante lo stato della risposta data dal server (buon fine, errore o simili) e altri parametri relativi al sistema operativo e all\u2019ambiente informatico dell\u2019utente. Questi dati sono usati soltanto per ricavare informazioni statistiche anonime sull\u2019uso del sito e per controllarne il corretto funzionamento. I dati potrebbero essere utilizzati per l\u2019accertamento di responsabilit\u00e0 in caso di ipotetici reati informatici ai danni del sito.<\/p>\n<\/div><\/div><\/div><\/div><\/div><\/div><\/div><\/section>\n","protected":false},"excerpt":{"rendered":"Privacy policy e informativa ai sensi dell&#8217;art. 13 del Regolamento UE 2016\/679 Natura del conferimento dei dati I dati personali richiesti sono raccolti da Inedita Snc e trattati su supporti informatici, al fine di soddisfare l\u2019espletamento dei servizi richiesti. Il conferimento dei dati ha natura obbligatoria in quanto necessario per l\u2019espletamento dei suddetti servizi. Titolare...","protected":false},"author":2,"featured_media":0,"parent":0,"menu_order":1000,"comment_status":"closed","ping_status":"open","template":"","meta":{"footnotes":"","_links_to":"","_links_to_target":""},"class_list":["post-227","page","type-page","status-publish","hentry"],"yoast_head":"<!-- This site is optimized with the Yoast SEO plugin v27.5 - https:\/\/yoast.com\/product\/yoast-seo-wordpress\/ -->\r\n<title>Privacy Policy - A Tutta Randa Viaggi \u2022 agenzia viaggi Rimini<\/title>\r\n<meta name=\"robots\" content=\"index, follow, max-snippet:-1, max-image-preview:large, max-video-preview:-1\" \/>\r\n<link rel=\"canonical\" href=\"https:\/\/www.atuttaranda.it\/viaggi\/privacy-policy\/\" \/>\r\n<meta property=\"og:locale\" content=\"it_IT\" \/>\r\n<meta property=\"og:type\" content=\"article\" \/>\r\n<meta property=\"og:title\" content=\"Privacy Policy - A Tutta Randa Viaggi \u2022 agenzia viaggi Rimini\" \/>\r\n<meta property=\"og:url\" content=\"https:\/\/www.atuttaranda.it\/viaggi\/privacy-policy\/\" \/>\r\n<meta property=\"og:site_name\" content=\"A Tutta Randa Viaggi\" \/>\r\n<meta property=\"article:modified_time\" content=\"2020-09-17T09:38:55+00:00\" \/>\r\n<meta name=\"twitter:card\" content=\"summary_large_image\" \/>\r\n<meta name=\"twitter:label1\" content=\"Tempo di lettura stimato\" \/>\n\t<meta name=\"twitter:data1\" content=\"7 minuti\" \/>\r\n<script type=\"application\/ld+json\" class=\"yoast-schema-graph\">{\"@context\":\"https:\\\/\\\/schema.org\",\"@graph\":[{\"@type\":\"WebPage\",\"@id\":\"https:\\\/\\\/www.atuttaranda.it\\\/viaggi\\\/privacy-policy\\\/\",\"url\":\"https:\\\/\\\/www.atuttaranda.it\\\/viaggi\\\/privacy-policy\\\/\",\"name\":\"Privacy Policy - A Tutta Randa Viaggi \u2022 agenzia viaggi Rimini\",\"isPartOf\":{\"@id\":\"https:\\\/\\\/www.atuttaranda.it\\\/viaggi\\\/#website\"},\"datePublished\":\"2015-04-30T11:44:04+00:00\",\"dateModified\":\"2020-09-17T09:38:55+00:00\",\"breadcrumb\":{\"@id\":\"https:\\\/\\\/www.atuttaranda.it\\\/viaggi\\\/privacy-policy\\\/#breadcrumb\"},\"inLanguage\":\"it-IT\",\"potentialAction\":[{\"@type\":\"ReadAction\",\"target\":[\"https:\\\/\\\/www.atuttaranda.it\\\/viaggi\\\/privacy-policy\\\/\"]}]},{\"@type\":\"BreadcrumbList\",\"@id\":\"https:\\\/\\\/www.atuttaranda.it\\\/viaggi\\\/privacy-policy\\\/#breadcrumb\",\"itemListElement\":[{\"@type\":\"ListItem\",\"position\":1,\"name\":\"Home\",\"item\":\"https:\\\/\\\/www.atuttaranda.it\\\/viaggi\\\/\"},{\"@type\":\"ListItem\",\"position\":2,\"name\":\"Privacy Policy\"}]},{\"@type\":\"WebSite\",\"@id\":\"https:\\\/\\\/www.atuttaranda.it\\\/viaggi\\\/#website\",\"url\":\"https:\\\/\\\/www.atuttaranda.it\\\/viaggi\\\/\",\"name\":\"A Tutta Randa Viaggi\",\"description\":\"La tua agenzia viaggi a Rimini\",\"publisher\":{\"@id\":\"https:\\\/\\\/www.atuttaranda.it\\\/viaggi\\\/#organization\"},\"potentialAction\":[{\"@type\":\"SearchAction\",\"target\":{\"@type\":\"EntryPoint\",\"urlTemplate\":\"https:\\\/\\\/www.atuttaranda.it\\\/viaggi\\\/?s={search_term_string}\"},\"query-input\":{\"@type\":\"PropertyValueSpecification\",\"valueRequired\":true,\"valueName\":\"search_term_string\"}}],\"inLanguage\":\"it-IT\"},{\"@type\":\"Organization\",\"@id\":\"https:\\\/\\\/www.atuttaranda.it\\\/viaggi\\\/#organization\",\"name\":\"A Tutta Randa Viaggi\",\"url\":\"https:\\\/\\\/www.atuttaranda.it\\\/viaggi\\\/\",\"logo\":{\"@type\":\"ImageObject\",\"inLanguage\":\"it-IT\",\"@id\":\"https:\\\/\\\/www.atuttaranda.it\\\/viaggi\\\/#\\\/schema\\\/logo\\\/image\\\/\",\"url\":\"https:\\\/\\\/www.atuttaranda.it\\\/viaggi\\\/wp-content\\\/uploads\\\/2020\\\/02\\\/a-tutta-randa.png\",\"contentUrl\":\"https:\\\/\\\/www.atuttaranda.it\\\/viaggi\\\/wp-content\\\/uploads\\\/2020\\\/02\\\/a-tutta-randa.png\",\"width\":1280,\"height\":305,\"caption\":\"A Tutta Randa Viaggi\"},\"image\":{\"@id\":\"https:\\\/\\\/www.atuttaranda.it\\\/viaggi\\\/#\\\/schema\\\/logo\\\/image\\\/\"}}]}<\/script>\r\n<!-- \/ Yoast SEO plugin. -->","yoast_head_json":{"title":"Privacy Policy - A Tutta Randa Viaggi \u2022 agenzia viaggi Rimini","robots":{"index":"index","follow":"follow","max-snippet":"max-snippet:-1","max-image-preview":"max-image-preview:large","max-video-preview":"max-video-preview:-1"},"canonical":"https:\/\/www.atuttaranda.it\/viaggi\/privacy-policy\/","og_locale":"it_IT","og_type":"article","og_title":"Privacy Policy - A Tutta Randa Viaggi \u2022 agenzia viaggi Rimini","og_url":"https:\/\/www.atuttaranda.it\/viaggi\/privacy-policy\/","og_site_name":"A Tutta Randa Viaggi","article_modified_time":"2020-09-17T09:38:55+00:00","twitter_card":"summary_large_image","twitter_misc":{"Tempo di lettura stimato":"7 minuti"},"schema":{"@context":"https:\/\/schema.org","@graph":[{"@type":"WebPage","@id":"https:\/\/www.atuttaranda.it\/viaggi\/privacy-policy\/","url":"https:\/\/www.atuttaranda.it\/viaggi\/privacy-policy\/","name":"Privacy Policy - A Tutta Randa Viaggi \u2022 agenzia viaggi Rimini","isPartOf":{"@id":"https:\/\/www.atuttaranda.it\/viaggi\/#website"},"datePublished":"2015-04-30T11:44:04+00:00","dateModified":"2020-09-17T09:38:55+00:00","breadcrumb":{"@id":"https:\/\/www.atuttaranda.it\/viaggi\/privacy-policy\/#breadcrumb"},"inLanguage":"it-IT","potentialAction":[{"@type":"ReadAction","target":["https:\/\/www.atuttaranda.it\/viaggi\/privacy-policy\/"]}]},{"@type":"BreadcrumbList","@id":"https:\/\/www.atuttaranda.it\/viaggi\/privacy-policy\/#breadcrumb","itemListElement":[{"@type":"ListItem","position":1,"name":"Home","item":"https:\/\/www.atuttaranda.it\/viaggi\/"},{"@type":"ListItem","position":2,"name":"Privacy Policy"}]},{"@type":"WebSite","@id":"https:\/\/www.atuttaranda.it\/viaggi\/#website","url":"https:\/\/www.atuttaranda.it\/viaggi\/","name":"A Tutta Randa Viaggi","description":"La tua agenzia viaggi a Rimini","publisher":{"@id":"https:\/\/www.atuttaranda.it\/viaggi\/#organization"},"potentialAction":[{"@type":"SearchAction","target":{"@type":"EntryPoint","urlTemplate":"https:\/\/www.atuttaranda.it\/viaggi\/?s={search_term_string}"},"query-input":{"@type":"PropertyValueSpecification","valueRequired":true,"valueName":"search_term_string"}}],"inLanguage":"it-IT"},{"@type":"Organization","@id":"https:\/\/www.atuttaranda.it\/viaggi\/#organization","name":"A Tutta Randa Viaggi","url":"https:\/\/www.atuttaranda.it\/viaggi\/","logo":{"@type":"ImageObject","inLanguage":"it-IT","@id":"https:\/\/www.atuttaranda.it\/viaggi\/#\/schema\/logo\/image\/","url":"https:\/\/www.atuttaranda.it\/viaggi\/wp-content\/uploads\/2020\/02\/a-tutta-randa.png","contentUrl":"https:\/\/www.atuttaranda.it\/viaggi\/wp-content\/uploads\/2020\/02\/a-tutta-randa.png","width":1280,"height":305,"caption":"A Tutta Randa Viaggi"},"image":{"@id":"https:\/\/www.atuttaranda.it\/viaggi\/#\/schema\/logo\/image\/"}}]}},"_links":{"self":[{"href":"https:\/\/www.atuttaranda.it\/viaggi\/wp-json\/wp\/v2\/pages\/227","targetHints":{"allow":["GET"]}}],"collection":[{"href":"https:\/\/www.atuttaranda.it\/viaggi\/wp-json\/wp\/v2\/pages"}],"about":[{"href":"https:\/\/www.atuttaranda.it\/viaggi\/wp-json\/wp\/v2\/types\/page"}],"author":[{"embeddable":true,"href":"https:\/\/www.atuttaranda.it\/viaggi\/wp-json\/wp\/v2\/users\/2"}],"replies":[{"embeddable":true,"href":"https:\/\/www.atuttaranda.it\/viaggi\/wp-json\/wp\/v2\/comments?post=227"}],"version-history":[{"count":11,"href":"https:\/\/www.atuttaranda.it\/viaggi\/wp-json\/wp\/v2\/pages\/227\/revisions"}],"predecessor-version":[{"id":4610,"href":"https:\/\/www.atuttaranda.it\/viaggi\/wp-json\/wp\/v2\/pages\/227\/revisions\/4610"}],"wp:attachment":[{"href":"https:\/\/www.atuttaranda.it\/viaggi\/wp-json\/wp\/v2\/media?parent=227"}],"curies":[{"name":"wp","href":"https:\/\/api.w.org\/{rel}","templated":true}]}}