


{"id":5959,"date":"2024-03-09T15:00:37","date_gmt":"2024-03-09T14:00:37","guid":{"rendered":"https:\/\/www.atuttaranda.it\/viaggi\/?page_id=5959"},"modified":"2025-06-16T20:42:27","modified_gmt":"2025-06-16T18:42:27","slug":"19-luglio-2024","status":"publish","type":"page","link":"https:\/\/www.atuttaranda.it\/viaggi\/viaggi-di-nozze\/19-luglio-2024\/","title":{"rendered":"19 luglio"},"content":{"rendered":"<section class=\"l-section wpb_row height_small\"><div class=\"l-section-h i-cf\"><div class=\"g-cols vc_row via_flex valign_top type_default stacking_default\"><div class=\"vc_col-sm-12 wpb_column vc_column_container\"><div class=\"vc_column-inner\"><div class=\"wpb_wrapper\">[vc_empty_space height=&#8221;20px&#8221;][vc_custom_heading text=&#8221;Martina e Joel&#8221; font_container=&#8221;tag:h2|font_size:2.5rem|text_align:center&#8221; use_theme_fonts=&#8221;yes&#8221; css=&#8221;%7B%22default%22%3A%7B%22line-height%22%3A%221.3%22%2C%22font-family%22%3A%22Satisfy%22%7D%7D&#8221;]<\/div><\/div><\/div><\/div><\/div><\/section><section class=\"l-section wpb_row height_small\"><div class=\"l-section-h i-cf\"><div class=\"g-cols vc_row via_flex valign_top type_default stacking_default\"><div class=\"vc_col-sm-3 wpb_column vc_column_container\"><div class=\"vc_column-inner\"><div class=\"wpb_wrapper\"><\/div><\/div><\/div><div class=\"vc_col-sm-6 wpb_column vc_column_container\"><div class=\"vc_column-inner\"><div class=\"wpb_wrapper\">[vc_single_image image=&#8221;5987&#8243; img_size=&#8221;full&#8221; alignment=&#8221;center&#8221; style=&#8221;vc_box_shadow_3d&#8221; css_animation=&#8221;none&#8221;]<\/div><\/div><\/div><div class=\"vc_col-sm-3 wpb_column vc_column_container\"><div class=\"vc_column-inner\"><div class=\"wpb_wrapper\"><\/div><\/div><\/div><\/div><\/div><\/section><section class=\"l-section wpb_row height_small\"><div class=\"l-section-h i-cf\"><div class=\"g-cols vc_row via_flex valign_top type_default stacking_default\"><div class=\"vc_col-sm-12 wpb_column vc_column_container\"><div class=\"vc_column-inner\"><div class=\"wpb_wrapper\">[vc_custom_heading text=&#8221;Per il nostro viaggio di Nozze abbiamo pensato di regalarci un soggiorno nella splendida Sardegna, territorio ricco di doni e tradizioni tutte da scoprire, dove la natura \u00e8 rigogliosa e l&#8217;ospitalit\u00e0 \u00e8 vera.&#8221; font_container=&#8221;tag:h2|text_align:center&#8221; use_theme_fonts=&#8221;yes&#8221; css=&#8221;%7B%22default%22%3A%7B%22line-height%22%3A%221.3%22%2C%22font-family%22%3A%22Pompiere%22%7D%7D&#8221;][vc_custom_heading text=&#8221;Vivremo momenti in un&#8217;atmosfera sospesa, che si confonde con il verde e il mare.&#8221; font_container=&#8221;tag:h2|text_align:center&#8221; use_theme_fonts=&#8221;yes&#8221; css=&#8221;%7B%22default%22%3A%7B%22line-height%22%3A%221.3%22%2C%22font-family%22%3A%22Pompiere%22%7D%7D&#8221;]<\/div><\/div><\/div><\/div><\/div><\/section><section class=\"l-section wpb_row height_small\"><div class=\"l-section-h i-cf\"><div class=\"g-cols vc_row via_flex valign_top type_default stacking_default\"><div class=\"vc_col-sm-2 wpb_column vc_column_container\"><div class=\"vc_column-inner\"><div class=\"wpb_wrapper\"><\/div><\/div><\/div><div class=\"vc_col-sm-8 wpb_column vc_column_container\"><div class=\"vc_column-inner\"><div class=\"wpb_wrapper\"><div class=\"w-grid us_carousel type_carousel layout_4738 preload_style_spinner\" id=\"us_grid_1\"><style>.layout_4738 .w-grid-item-h{}<\/style><div class=\"w-grid-list owl-carousel valign_middle dotstyle_circle navstyle_circle arrows-ver-pos_middle arrows-hor-pos_on_sides_outside arrows-disabled_hide owl-responsive-2000 with_dots\" style=\"--transition-duration:350ms;\">\t<article class=\"w-grid-item post-5988 attachment type-attachment status-inherit hentry\" data-id=\"5988\">\r\n\t\t<div class=\"w-grid-item-h\">\r\n\t\t\t\t\t\t<div class=\"w-post-elm post_image usg_post_image_1 has_ratio\"><img loading=\"lazy\" decoding=\"async\" width=\"1280\" height=\"853\" src=\"https:\/\/www.atuttaranda.it\/viaggi\/wp-content\/uploads\/2024\/03\/19-luglio-2024-11.jpg\" class=\"attachment-full size-full\" alt=\"\" \/><div style=\"padding-bottom:66.6667%\"><\/div><\/div>\t\t<\/div>\r\n\t\t\t<\/article>\r\n\t<article class=\"w-grid-item post-5990 attachment type-attachment status-inherit hentry\" data-id=\"5990\">\r\n\t\t<div class=\"w-grid-item-h\">\r\n\t\t\t\t\t\t<div class=\"w-post-elm post_image usg_post_image_1 has_ratio\"><img loading=\"lazy\" decoding=\"async\" width=\"1280\" height=\"853\" src=\"https:\/\/www.atuttaranda.it\/viaggi\/wp-content\/uploads\/2024\/03\/19-luglio-2024-13.jpg\" class=\"attachment-full size-full\" alt=\"\" \/><div style=\"padding-bottom:66.6667%\"><\/div><\/div>\t\t<\/div>\r\n\t\t\t<\/article>\r\n\t<article class=\"w-grid-item post-5992 attachment type-attachment status-inherit hentry\" data-id=\"5992\">\r\n\t\t<div class=\"w-grid-item-h\">\r\n\t\t\t\t\t\t<div class=\"w-post-elm post_image usg_post_image_1 has_ratio\"><img loading=\"lazy\" decoding=\"async\" width=\"1280\" height=\"853\" src=\"https:\/\/www.atuttaranda.it\/viaggi\/wp-content\/uploads\/2024\/03\/19-luglio-2024-15.jpg\" class=\"attachment-full size-full\" alt=\"\" \/><div style=\"padding-bottom:66.6667%\"><\/div><\/div>\t\t<\/div>\r\n\t\t\t<\/article>\r\n\t<article class=\"w-grid-item post-5991 attachment type-attachment status-inherit hentry\" data-id=\"5991\">\r\n\t\t<div class=\"w-grid-item-h\">\r\n\t\t\t\t\t\t<div class=\"w-post-elm post_image usg_post_image_1 has_ratio\"><img loading=\"lazy\" decoding=\"async\" width=\"1280\" height=\"853\" src=\"https:\/\/www.atuttaranda.it\/viaggi\/wp-content\/uploads\/2024\/03\/19-luglio-2024-14.jpg\" class=\"attachment-full size-full\" alt=\"\" \/><div style=\"padding-bottom:66.6667%\"><\/div><\/div>\t\t<\/div>\r\n\t\t\t<\/article>\r\n\t<article class=\"w-grid-item post-5989 attachment type-attachment status-inherit hentry\" data-id=\"5989\">\r\n\t\t<div class=\"w-grid-item-h\">\r\n\t\t\t\t\t\t<div class=\"w-post-elm post_image usg_post_image_1 has_ratio\"><img loading=\"lazy\" decoding=\"async\" width=\"1280\" height=\"853\" src=\"https:\/\/www.atuttaranda.it\/viaggi\/wp-content\/uploads\/2024\/03\/19-luglio-2024-12.jpg\" class=\"attachment-full size-full\" alt=\"\" \/><div style=\"padding-bottom:66.6667%\"><\/div><\/div>\t\t<\/div>\r\n\t\t\t<\/article>\r\n\t<article class=\"w-grid-item post-5994 attachment type-attachment status-inherit hentry\" data-id=\"5994\">\r\n\t\t<div class=\"w-grid-item-h\">\r\n\t\t\t\t\t\t<div class=\"w-post-elm post_image usg_post_image_1 has_ratio\"><img loading=\"lazy\" decoding=\"async\" width=\"1280\" height=\"853\" src=\"https:\/\/www.atuttaranda.it\/viaggi\/wp-content\/uploads\/2024\/03\/19-luglio-2024-17.jpg\" class=\"attachment-full size-full\" alt=\"\" \/><div style=\"padding-bottom:66.6667%\"><\/div><\/div>\t\t<\/div>\r\n\t\t\t<\/article>\r\n\t<article class=\"w-grid-item post-5993 attachment type-attachment status-inherit hentry\" data-id=\"5993\">\r\n\t\t<div class=\"w-grid-item-h\">\r\n\t\t\t\t\t\t<div class=\"w-post-elm post_image usg_post_image_1 has_ratio\"><img loading=\"lazy\" decoding=\"async\" width=\"1280\" height=\"853\" src=\"https:\/\/www.atuttaranda.it\/viaggi\/wp-content\/uploads\/2024\/03\/19-luglio-2024-16.jpg\" class=\"attachment-full size-full\" alt=\"\" \/><div style=\"padding-bottom:66.6667%\"><\/div><\/div>\t\t<\/div>\r\n\t\t\t<\/article>\r\n<\/div><div class=\"w-grid-carousel-json hidden\" onclick='return {&quot;carousel_settings&quot;:{&quot;aria_labels&quot;:{&quot;prev&quot;:&quot;Precedente&quot;,&quot;next&quot;:&quot;Prossimo&quot;},&quot;autoplayContinual&quot;:false,&quot;autoplayHoverPause&quot;:false,&quot;autoplayTimeout&quot;:3000,&quot;autoWidth&quot;:false,&quot;smartSpeed&quot;:350,&quot;margin&quot;:0,&quot;mouseDrag&quot;:true,&quot;rtl&quot;:false,&quot;slideBy&quot;:&quot;1&quot;,&quot;touchDrag&quot;:true,&quot;slideTransition&quot;:&quot;&quot;,&quot;animateIn&quot;:&quot;fadeIn&quot;,&quot;animateOut&quot;:&quot;fadeOut&quot;,&quot;responsive&quot;:{&quot;0&quot;:{&quot;autoHeight&quot;:false,&quot;autoplay&quot;:false,&quot;autoWidth&quot;:false,&quot;center&quot;:false,&quot;dots&quot;:false,&quot;items&quot;:1,&quot;loop&quot;:false,&quot;nav&quot;:false,&quot;stagePadding&quot;:0,&quot;slideBy&quot;:&quot;1&quot;},&quot;601&quot;:{&quot;items&quot;:1,&quot;autoplay&quot;:true,&quot;center&quot;:false,&quot;dots&quot;:true,&quot;nav&quot;:false,&quot;autoHeight&quot;:false,&quot;autoWidth&quot;:false,&quot;loop&quot;:true,&quot;stagePadding&quot;:0}}}}'><\/div><\/div><\/div><\/div><\/div><div class=\"vc_col-sm-2 wpb_column vc_column_container\"><div class=\"vc_column-inner\"><div class=\"wpb_wrapper\"><\/div><\/div><\/div><\/div><\/div><\/section><section class=\"l-section wpb_row height_small\"><div class=\"l-section-h i-cf\"><div class=\"g-cols vc_row via_flex valign_top type_default stacking_default\"><div class=\"vc_col-sm-12 wpb_column vc_column_container\"><div class=\"vc_column-inner\"><div class=\"wpb_wrapper\">[vc_custom_heading text=&#8221;Le giornate cominceranno con una colazione vista mare, e l&#8217;azzurro dell&#8217;acqua con tutte le sue sfumature ci accompagner\u00e0 durante tutto il giorno.&#8221; font_container=&#8221;tag:h2|text_align:center&#8221; use_theme_fonts=&#8221;yes&#8221; css=&#8221;%7B%22default%22%3A%7B%22line-height%22%3A%221.3%22%2C%22font-family%22%3A%22Pompiere%22%7D%7D&#8221;][vc_custom_heading text=&#8221;Le calette delle spiagge meravigliose saranno tutte da esplorare e per la loro bellezza non basteranno aggettivi.&#8221; font_container=&#8221;tag:h2|text_align:center&#8221; use_theme_fonts=&#8221;yes&#8221; css=&#8221;%7B%22default%22%3A%7B%22line-height%22%3A%221.3%22%2C%22font-family%22%3A%22Pompiere%22%7D%7D&#8221;][vc_custom_heading text=&#8221;Saluteremo ogni giorno dopo tramonti da favola cenando in spiaggia, mentre alla musica penser\u00e0 il mare, come in una favola.&#8221; font_container=&#8221;tag:h2|text_align:center&#8221; use_theme_fonts=&#8221;yes&#8221; css=&#8221;%7B%22default%22%3A%7B%22line-height%22%3A%221.3%22%2C%22font-family%22%3A%22Pompiere%22%7D%7D&#8221;]<\/div><\/div><\/div><\/div><\/div><\/section><section class=\"l-section wpb_row height_small\"><div class=\"l-section-h i-cf\"><div class=\"g-cols vc_row via_flex valign_top type_default stacking_default\"><div class=\"vc_col-sm-3 wpb_column vc_column_container\"><div class=\"vc_column-inner\"><div class=\"wpb_wrapper\"><\/div><\/div><\/div><div class=\"vc_col-sm-6 wpb_column vc_column_container\"><div class=\"vc_column-inner\"><div class=\"wpb_wrapper\">[vc_single_image image=&#8221;5998&#8243; img_size=&#8221;full&#8221; alignment=&#8221;center&#8221; style=&#8221;vc_box_shadow_border&#8221; css_animation=&#8221;none&#8221;]<\/div><\/div><\/div><div class=\"vc_col-sm-3 wpb_column vc_column_container\"><div class=\"vc_column-inner\"><div class=\"wpb_wrapper\"><\/div><\/div><\/div><div class=\"vc_col-sm-12 wpb_column vc_column_container\"><div class=\"vc_column-inner\"><div class=\"wpb_wrapper\">[vc_empty_space height=&#8221;20px&#8221;][vc_custom_heading text=&#8221;Ma le emozioni non finiranno qui!<br \/>\nUn&#8217;esperienza fantastica ci attender\u00e0 a Lille, allo stadio Pierre Mauroy, che sar\u00e0 il palcoscenico dei tornei di basket ai Giochi Olimpici di Parigi 2024.<br \/>\nCi saremo anche noi per assistere dal vivo alle sfide tra le stelle della pallacanestro mondiale.&#8221; font_container=&#8221;tag:h2|text_align:center&#8221; use_theme_fonts=&#8221;yes&#8221; css=&#8221;%7B%22default%22%3A%7B%22line-height%22%3A%221.3%22%2C%22font-family%22%3A%22Pompiere%22%7D%7D&#8221;]<\/div><\/div><\/div><\/div><\/div><\/section><section class=\"l-section wpb_row height_small\"><div class=\"l-section-h i-cf\"><div class=\"g-cols vc_row via_flex valign_top type_default stacking_default\"><div class=\"vc_col-sm-12 wpb_column vc_column_container\"><div class=\"vc_column-inner\"><div class=\"wpb_wrapper\">[vc_empty_space height=&#8221;20px&#8221;][vc_custom_heading text=&#8221;Grazie di cuore per averci regalato questo Viaggio da Sogno.&#8221; font_container=&#8221;tag:h2|text_align:center&#8221; use_theme_fonts=&#8221;yes&#8221; css=&#8221;%7B%22default%22%3A%7B%22line-height%22%3A%221.3%22%2C%22font-family%22%3A%22Pompiere%22%7D%7D&#8221;][vc_custom_heading text=&#8221;Martina e Joel&#8221; font_container=&#8221;tag:h2|text_align:center&#8221; use_theme_fonts=&#8221;yes&#8221; css=&#8221;%7B%22default%22%3A%7B%22line-height%22%3A%221.3%22%2C%22font-family%22%3A%22Satisfy%22%7D%7D&#8221;]<\/div><\/div><\/div><\/div><\/div><\/section><section class=\"l-section wpb_row height_small\"><div class=\"l-section-h i-cf\"><div class=\"g-cols vc_row via_flex valign_top type_default stacking_default\"><div class=\"vc_col-sm-12 wpb_column vc_column_container\"><div class=\"vc_column-inner\"><div class=\"wpb_wrapper\">[vc_empty_space height=&#8221;20px&#8221;]<div class=\"wpb_text_column\"><div class=\"wpb_wrapper\"><hr \/>\n<h3><\/h3>\n<h3>Come partecipare alla lista nozze<\/h3>\n<h4>Se desiderate partecipare alla nostra Lista Nozze, potete passare direttamente in agenzia oppure effettuare un bonifico bancario alle seguenti coordinate:<\/h4>\n<p>INEDITA SNC<br \/>\nBanca Malatestiana &#8211; F.le Mercato Ittico<br \/>\nVia Sinistra del Porto, 82\/a &#8211; 47921 Rimini (RN)<br \/>\nIBAN: IT28H0709024204027010169492<br \/>\nSWIFT (BIC): CCRTIT2TMAL<\/p>\n<p><strong>Indicare nella causale &#8220;Lista Nozze MARTINA e JOEL&#8221;.<\/strong><\/p>\n<p>&nbsp;<\/p>\n<hr \/>\n<h5><\/h5>\n<h5>Lascia agli sposi il tuo augurio, sar\u00e0 nostra premura trascriverlo sull&#8217;album dediche che consegneremo loro.<\/h5>\n\n<div class=\"wpcf7 no-js\" id=\"wpcf7-f301-o1\" lang=\"it-IT\" dir=\"ltr\" data-wpcf7-id=\"301\">\n<div class=\"screen-reader-response\"><p role=\"status\" aria-live=\"polite\" aria-atomic=\"true\"><\/p> <ul><\/ul><\/div>\n<form action=\"\/viaggi\/wp-json\/wp\/v2\/pages\/5959#wpcf7-f301-o1\" method=\"post\" class=\"wpcf7-form init\" aria-label=\"Modulo di contatto\" novalidate=\"novalidate\" data-status=\"init\">\n<fieldset class=\"hidden-fields-container\"><input type=\"hidden\" name=\"_wpcf7\" value=\"301\" \/><input type=\"hidden\" name=\"_wpcf7_version\" value=\"6.1.5\" \/><input type=\"hidden\" name=\"_wpcf7_locale\" value=\"it_IT\" \/><input type=\"hidden\" name=\"_wpcf7_unit_tag\" value=\"wpcf7-f301-o1\" \/><input type=\"hidden\" name=\"_wpcf7_container_post\" value=\"0\" \/><input type=\"hidden\" name=\"_wpcf7_posted_data_hash\" value=\"\" \/>\n<\/fieldset>\n<p><span class=\"wpcf7-form-control-wrap\" data-name=\"your-name\"><input size=\"40\" maxlength=\"400\" class=\"wpcf7-form-control wpcf7-text wpcf7-validates-as-required\" aria-required=\"true\" aria-invalid=\"false\" placeholder=\"Il tuo cognome e nome\" value=\"\" type=\"text\" name=\"your-name\" \/><\/span>\n<\/p>\n<p><span class=\"wpcf7-form-control-wrap\" data-name=\"your-email\"><input size=\"40\" maxlength=\"400\" class=\"wpcf7-form-control wpcf7-email wpcf7-validates-as-required wpcf7-text wpcf7-validates-as-email\" aria-required=\"true\" aria-invalid=\"false\" placeholder=\"La tua mail\" value=\"\" type=\"email\" name=\"your-email\" \/><\/span>\n<\/p>\n<p><span class=\"wpcf7-form-control-wrap\" data-name=\"your-sposi\"><input size=\"40\" maxlength=\"400\" class=\"wpcf7-form-control wpcf7-text wpcf7-validates-as-required\" aria-required=\"true\" aria-invalid=\"false\" placeholder=\"I nomi degli sposi\" value=\"\" type=\"text\" name=\"your-sposi\" \/><\/span>\n<\/p>\n<p><span class=\"wpcf7-form-control-wrap\" data-name=\"your-message\"><textarea cols=\"40\" rows=\"10\" maxlength=\"2000\" class=\"wpcf7-form-control wpcf7-textarea wpcf7-validates-as-required\" aria-required=\"true\" aria-invalid=\"false\" placeholder=\"La tua dedica\" name=\"your-message\"><\/textarea><\/span>\n<\/p>\n<p><span class=\"wpcf7-form-control-wrap\" data-name=\"checkbox-377\"><span class=\"wpcf7-form-control wpcf7-checkbox wpcf7-validates-as-required\"><span class=\"wpcf7-list-item first last\"><input type=\"checkbox\" name=\"checkbox-377[]\" value=\"Ho preso visione ed acconsento al trattamento dei dati:\" \/><span class=\"wpcf7-list-item-label\">Ho preso visione ed acconsento al trattamento dei dati:<\/span><\/span><\/span><\/span><a href=\"https:\/\/www.atuttaranda.it\/viaggi\/privacy-policy\/\">privacy policy<\/a>\n<\/p>\n<p><input class=\"wpcf7-form-control wpcf7-submit has-spinner\" type=\"submit\" value=\"Invia\" \/>\n<\/p><div class=\"wpcf7-response-output\" aria-hidden=\"true\"><\/div>\n<\/form>\n<\/div>\n\n<\/div><\/div><\/div><\/div><\/div><\/div><\/div><\/section>\n","protected":false},"excerpt":{"rendered":"","protected":false},"author":2,"featured_media":0,"parent":25,"menu_order":240719,"comment_status":"closed","ping_status":"closed","template":"","meta":{"footnotes":"","_links_to":"","_links_to_target":""},"class_list":["post-5959","page","type-page","status-publish","hentry"],"yoast_head":"<!-- This site is optimized with the Yoast SEO plugin v27.2 - https:\/\/yoast.com\/product\/yoast-seo-wordpress\/ -->\r\n<title>19 luglio - A Tutta Randa Viaggi \u2022 agenzia viaggi Rimini<\/title>\r\n<meta name=\"robots\" content=\"noindex, nofollow\" \/>\r\n<meta property=\"og:locale\" content=\"it_IT\" \/>\r\n<meta property=\"og:type\" content=\"article\" \/>\r\n<meta property=\"og:title\" content=\"19 luglio - A Tutta Randa Viaggi \u2022 agenzia viaggi Rimini\" \/>\r\n<meta property=\"og:url\" content=\"https:\/\/www.atuttaranda.it\/viaggi\/viaggi-di-nozze\/19-luglio-2024\/\" \/>\r\n<meta property=\"og:site_name\" content=\"A Tutta Randa Viaggi\" \/>\r\n<meta property=\"article:modified_time\" content=\"2025-06-16T18:42:27+00:00\" \/>\r\n<meta name=\"twitter:card\" content=\"summary_large_image\" \/>\r\n<meta name=\"twitter:label1\" content=\"Tempo di lettura stimato\" \/>\n\t<meta name=\"twitter:data1\" content=\"3 minuti\" \/>\r\n<script type=\"application\/ld+json\" class=\"yoast-schema-graph\">{\"@context\":\"https:\/\/schema.org\",\"@graph\":[{\"@type\":\"WebPage\",\"@id\":\"https:\/\/www.atuttaranda.it\/viaggi\/viaggi-di-nozze\/19-luglio-2024\/\",\"url\":\"https:\/\/www.atuttaranda.it\/viaggi\/viaggi-di-nozze\/19-luglio-2024\/\",\"name\":\"19 luglio - A Tutta Randa Viaggi \u2022 agenzia viaggi Rimini\",\"isPartOf\":{\"@id\":\"https:\/\/www.atuttaranda.it\/viaggi\/#website\"},\"datePublished\":\"2024-03-09T14:00:37+00:00\",\"dateModified\":\"2025-06-16T18:42:27+00:00\",\"breadcrumb\":{\"@id\":\"https:\/\/www.atuttaranda.it\/viaggi\/viaggi-di-nozze\/19-luglio-2024\/#breadcrumb\"},\"inLanguage\":\"it-IT\",\"potentialAction\":[{\"@type\":\"ReadAction\",\"target\":[\"https:\/\/www.atuttaranda.it\/viaggi\/viaggi-di-nozze\/19-luglio-2024\/\"]}]},{\"@type\":\"BreadcrumbList\",\"@id\":\"https:\/\/www.atuttaranda.it\/viaggi\/viaggi-di-nozze\/19-luglio-2024\/#breadcrumb\",\"itemListElement\":[{\"@type\":\"ListItem\",\"position\":1,\"name\":\"Home\",\"item\":\"https:\/\/www.atuttaranda.it\/viaggi\/\"},{\"@type\":\"ListItem\",\"position\":2,\"name\":\"Viaggi di nozze\",\"item\":\"https:\/\/www.atuttaranda.it\/viaggi\/viaggi-di-nozze\/\"},{\"@type\":\"ListItem\",\"position\":3,\"name\":\"19 luglio\"}]},{\"@type\":\"WebSite\",\"@id\":\"https:\/\/www.atuttaranda.it\/viaggi\/#website\",\"url\":\"https:\/\/www.atuttaranda.it\/viaggi\/\",\"name\":\"A Tutta Randa Viaggi\",\"description\":\"La tua agenzia viaggi a Rimini\",\"publisher\":{\"@id\":\"https:\/\/www.atuttaranda.it\/viaggi\/#organization\"},\"potentialAction\":[{\"@type\":\"SearchAction\",\"target\":{\"@type\":\"EntryPoint\",\"urlTemplate\":\"https:\/\/www.atuttaranda.it\/viaggi\/?s={search_term_string}\"},\"query-input\":{\"@type\":\"PropertyValueSpecification\",\"valueRequired\":true,\"valueName\":\"search_term_string\"}}],\"inLanguage\":\"it-IT\"},{\"@type\":\"Organization\",\"@id\":\"https:\/\/www.atuttaranda.it\/viaggi\/#organization\",\"name\":\"A Tutta Randa Viaggi\",\"url\":\"https:\/\/www.atuttaranda.it\/viaggi\/\",\"logo\":{\"@type\":\"ImageObject\",\"inLanguage\":\"it-IT\",\"@id\":\"https:\/\/www.atuttaranda.it\/viaggi\/#\/schema\/logo\/image\/\",\"url\":\"https:\/\/www.atuttaranda.it\/viaggi\/wp-content\/uploads\/2020\/02\/a-tutta-randa.png\",\"contentUrl\":\"https:\/\/www.atuttaranda.it\/viaggi\/wp-content\/uploads\/2020\/02\/a-tutta-randa.png\",\"width\":1280,\"height\":305,\"caption\":\"A Tutta Randa Viaggi\"},\"image\":{\"@id\":\"https:\/\/www.atuttaranda.it\/viaggi\/#\/schema\/logo\/image\/\"}}]}<\/script>\r\n<!-- \/ Yoast SEO plugin. -->","yoast_head_json":{"title":"19 luglio - A Tutta Randa Viaggi \u2022 agenzia viaggi Rimini","robots":{"index":"noindex","follow":"nofollow"},"og_locale":"it_IT","og_type":"article","og_title":"19 luglio - A Tutta Randa Viaggi \u2022 agenzia viaggi Rimini","og_url":"https:\/\/www.atuttaranda.it\/viaggi\/viaggi-di-nozze\/19-luglio-2024\/","og_site_name":"A Tutta Randa Viaggi","article_modified_time":"2025-06-16T18:42:27+00:00","twitter_card":"summary_large_image","twitter_misc":{"Tempo di lettura stimato":"3 minuti"},"schema":{"@context":"https:\/\/schema.org","@graph":[{"@type":"WebPage","@id":"https:\/\/www.atuttaranda.it\/viaggi\/viaggi-di-nozze\/19-luglio-2024\/","url":"https:\/\/www.atuttaranda.it\/viaggi\/viaggi-di-nozze\/19-luglio-2024\/","name":"19 luglio - A Tutta Randa Viaggi \u2022 agenzia viaggi Rimini","isPartOf":{"@id":"https:\/\/www.atuttaranda.it\/viaggi\/#website"},"datePublished":"2024-03-09T14:00:37+00:00","dateModified":"2025-06-16T18:42:27+00:00","breadcrumb":{"@id":"https:\/\/www.atuttaranda.it\/viaggi\/viaggi-di-nozze\/19-luglio-2024\/#breadcrumb"},"inLanguage":"it-IT","potentialAction":[{"@type":"ReadAction","target":["https:\/\/www.atuttaranda.it\/viaggi\/viaggi-di-nozze\/19-luglio-2024\/"]}]},{"@type":"BreadcrumbList","@id":"https:\/\/www.atuttaranda.it\/viaggi\/viaggi-di-nozze\/19-luglio-2024\/#breadcrumb","itemListElement":[{"@type":"ListItem","position":1,"name":"Home","item":"https:\/\/www.atuttaranda.it\/viaggi\/"},{"@type":"ListItem","position":2,"name":"Viaggi di nozze","item":"https:\/\/www.atuttaranda.it\/viaggi\/viaggi-di-nozze\/"},{"@type":"ListItem","position":3,"name":"19 luglio"}]},{"@type":"WebSite","@id":"https:\/\/www.atuttaranda.it\/viaggi\/#website","url":"https:\/\/www.atuttaranda.it\/viaggi\/","name":"A Tutta Randa Viaggi","description":"La tua agenzia viaggi a Rimini","publisher":{"@id":"https:\/\/www.atuttaranda.it\/viaggi\/#organization"},"potentialAction":[{"@type":"SearchAction","target":{"@type":"EntryPoint","urlTemplate":"https:\/\/www.atuttaranda.it\/viaggi\/?s={search_term_string}"},"query-input":{"@type":"PropertyValueSpecification","valueRequired":true,"valueName":"search_term_string"}}],"inLanguage":"it-IT"},{"@type":"Organization","@id":"https:\/\/www.atuttaranda.it\/viaggi\/#organization","name":"A Tutta Randa Viaggi","url":"https:\/\/www.atuttaranda.it\/viaggi\/","logo":{"@type":"ImageObject","inLanguage":"it-IT","@id":"https:\/\/www.atuttaranda.it\/viaggi\/#\/schema\/logo\/image\/","url":"https:\/\/www.atuttaranda.it\/viaggi\/wp-content\/uploads\/2020\/02\/a-tutta-randa.png","contentUrl":"https:\/\/www.atuttaranda.it\/viaggi\/wp-content\/uploads\/2020\/02\/a-tutta-randa.png","width":1280,"height":305,"caption":"A Tutta Randa Viaggi"},"image":{"@id":"https:\/\/www.atuttaranda.it\/viaggi\/#\/schema\/logo\/image\/"}}]}},"_links":{"self":[{"href":"https:\/\/www.atuttaranda.it\/viaggi\/wp-json\/wp\/v2\/pages\/5959","targetHints":{"allow":["GET"]}}],"collection":[{"href":"https:\/\/www.atuttaranda.it\/viaggi\/wp-json\/wp\/v2\/pages"}],"about":[{"href":"https:\/\/www.atuttaranda.it\/viaggi\/wp-json\/wp\/v2\/types\/page"}],"author":[{"embeddable":true,"href":"https:\/\/www.atuttaranda.it\/viaggi\/wp-json\/wp\/v2\/users\/2"}],"replies":[{"embeddable":true,"href":"https:\/\/www.atuttaranda.it\/viaggi\/wp-json\/wp\/v2\/comments?post=5959"}],"version-history":[{"count":15,"href":"https:\/\/www.atuttaranda.it\/viaggi\/wp-json\/wp\/v2\/pages\/5959\/revisions"}],"predecessor-version":[{"id":6219,"href":"https:\/\/www.atuttaranda.it\/viaggi\/wp-json\/wp\/v2\/pages\/5959\/revisions\/6219"}],"up":[{"embeddable":true,"href":"https:\/\/www.atuttaranda.it\/viaggi\/wp-json\/wp\/v2\/pages\/25"}],"wp:attachment":[{"href":"https:\/\/www.atuttaranda.it\/viaggi\/wp-json\/wp\/v2\/media?parent=5959"}],"curies":[{"name":"wp","href":"https:\/\/api.w.org\/{rel}","templated":true}]}}